{"id":1967,"date":"2024-10-01T10:31:40","date_gmt":"2024-10-01T08:31:40","guid":{"rendered":"https:\/\/retriever-schule.de\/wp\/?page_id=1967"},"modified":"2024-10-01T11:45:26","modified_gmt":"2024-10-01T09:45:26","slug":"trainingsangebot","status":"publish","type":"page","link":"https:\/\/retriever-schule.de\/wp\/trainingsangebot\/","title":{"rendered":"Trainingsangebot"},"content":{"rendered":"\n<figure class=\"wp-block-pullquote\"><blockquote><p>\u201eIn einem Team gibt es keine Probleme, nur Herausforderungen, die wir gemeinsam l\u00f6sen k\u00f6nnen.\u201c<\/p><cite>Unbekannt<\/cite><\/blockquote><\/figure>\n\n\n\n<h3 class=\"wp-block-heading\">Welpengruppe<\/h3>\n\n\n\n<p>Starten wir ganz am Anfang. Die Welpengruppe erf\u00fcllt eine wichtige Aufgabe: die Sozialisierung. Ein Zusammentreffen mit gleichaltrigen Hunden ist unerl\u00e4sslich. Hier werden auch erste Kommandos einge\u00fcbt sowie der Kontakt zum Hundef\u00fchrer vertieft. Fragen rund um den Welpen werden stets besprochen.<\/p>\n\n\n\n<h3 class=\"wp-block-heading\">Junghunde &amp; Begleithunde<\/h3>\n\n\n\n<p>Die sog. \u201eBegleithundepr\u00fcfung (BHP)\u201c hat durch Gesetzgebung mittlerweile einen wichtigen Part f\u00fcr den Hundehalter in der Gesellschaft \u00fcbernommen. Hier wird der Hund und sein Halter auf diese Pr\u00fcfung vorbereitet, falls gew\u00fcnscht. Ansonsten ist die Gruppe nat\u00fcrlich auch eine Fortf\u00fchrung des Ausbildungsstandes nach den Junghunden oder die M\u00f6glichkeit f\u00fcr jeden Hundehalter, mit seinem Hund den erforderlichen Umgang zu erlernen, um sich n der Familie und seiner Umwelt entsprechend zu verhalten.<br><\/p>\n\n\n\n<h3 class=\"wp-block-heading\">Dummyarbeit &amp; Jagdausbildung<\/h3>\n\n\n\n<p>Eine sch\u00f6ne und auch wichtige Arbeit f\u00fcr den Retriever ist die Dummyarbeit. Es werden Anf\u00e4nger und Fortgeschrittenen Gruppen angeboten. In der Ausbildung werden auch verschiedenste Gel\u00e4nde aufgesucht, um mit dem Hund zu arbeiten, z.B. Wasserarbeit.<br>Ein guter Gehorsam ist f\u00fcr diese Arbeit unerl\u00e4sslich. Das Arbeiten mit Wild liegt im Ursprung des Retrievers. Bei der Jagdausbildung werden auch hier h\u00e4ufig verschiedenste Gel\u00e4nde aufgesucht. Die Voraussetzung, Jagdscheininhaber zu sein, wird nicht verlangt.<\/p>\n\n\n\n<p><\/p>\n","protected":false},"excerpt":{"rendered":"<p>\u201eIn einem Team gibt es keine Probleme, nur Herausforderungen, die wir gemeinsam l\u00f6sen k\u00f6nnen.\u201c Unbekannt Welpengruppe Starten wir ganz am Anfang. Die Welpengruppe erf\u00fcllt eine wichtige Aufgabe: die Sozialisierung. Ein Zusammentreffen mit gleichaltrigen Hunden ist unerl\u00e4sslich. Hier werden auch erste Kommandos einge\u00fcbt sowie der Kontakt zum Hundef\u00fchrer vertieft. Fragen rund um den Welpen werden stets&hellip;&nbsp;<a href=\"https:\/\/retriever-schule.de\/wp\/trainingsangebot\/\" class=\"\" rel=\"bookmark\">Weiterlesen &raquo;<span class=\"screen-reader-text\">Trainingsangebot<\/span><\/a><\/p>\n","protected":false},"author":1,"featured_media":1970,"parent":0,"menu_order":0,"comment_status":"closed","ping_status":"closed","template":"","meta":{"neve_meta_sidebar":"","neve_meta_container":"","neve_meta_enable_content_width":"","neve_meta_content_width":0,"neve_meta_title_alignment":"","neve_meta_author_avatar":"","neve_post_elements_order":"","neve_meta_disable_header":"","neve_meta_disable_footer":"","neve_meta_disable_title":"","ngg_post_thumbnail":0,"_ti_tpc_template_sync":false,"_ti_tpc_template_id":"","footnotes":""},"class_list":["post-1967","page","type-page","status-publish","has-post-thumbnail","hentry"],"_links":{"self":[{"href":"https:\/\/retriever-schule.de\/wp\/wp-json\/wp\/v2\/pages\/1967","targetHints":{"allow":["GET"]}}],"collection":[{"href":"https:\/\/retriever-schule.de\/wp\/wp-json\/wp\/v2\/pages"}],"about":[{"href":"https:\/\/retriever-schule.de\/wp\/wp-json\/wp\/v2\/types\/page"}],"author":[{"embeddable":true,"href":"https:\/\/retriever-schule.de\/wp\/wp-json\/wp\/v2\/users\/1"}],"replies":[{"embeddable":true,"href":"https:\/\/retriever-schule.de\/wp\/wp-json\/wp\/v2\/comments?post=1967"}],"version-history":[{"count":3,"href":"https:\/\/retriever-schule.de\/wp\/wp-json\/wp\/v2\/pages\/1967\/revisions"}],"predecessor-version":[{"id":1993,"href":"https:\/\/retriever-schule.de\/wp\/wp-json\/wp\/v2\/pages\/1967\/revisions\/1993"}],"wp:featuredmedia":[{"embeddable":true,"href":"https:\/\/retriever-schule.de\/wp\/wp-json\/wp\/v2\/media\/1970"}],"wp:attachment":[{"href":"https:\/\/retriever-schule.de\/wp\/wp-json\/wp\/v2\/media?parent=1967"}],"curies":[{"name":"wp","href":"https:\/\/api.w.org\/{rel}","templated":true}]}}